{"id":88,"date":"2017-08-22T16:13:01","date_gmt":"2017-08-22T15:13:01","guid":{"rendered":"http:\/\/musikkapelle-sauldorf.de\/?page_id=88"},"modified":"2024-10-08T17:42:47","modified_gmt":"2024-10-08T16:42:47","slug":"jugendausbildung","status":"publish","type":"page","link":"https:\/\/musikkapelle-sauldorf.de\/?page_id=88","title":{"rendered":"Jugendausbildung"},"content":{"rendered":"\n<p>Die letzten Jahre traten zahlreiche Jugendliche zu ihren D1 und D2 Pr\u00fcfungen an. Immer Erfolgreich absolvieren unsere Jungmusikanten aus Sauldorf ihre Pr\u00fcfungen. <\/p>\n\n\n\n<p><\/p>\n\n\n\n<div class=\"wp-block-media-text alignwide has-media-on-the-right is-stacked-on-mobile\"><div class=\"wp-block-media-text__content\">\n<p class=\"has-text-align-center\">2024- Wir gratulieren&#8230; <br>&#8230; Von Links: Anna Blank, Fabio Wegmann, Luca Keller, Julian Gabele, Leo Br\u00fctsch<\/p>\n<\/div><figure class=\"wp-block-media-text__media\"><img decoding=\"async\" loading=\"lazy\" width=\"1024\" height=\"930\" src=\"https:\/\/musikkapelle-sauldorf.de\/wp-content\/uploads\/2024\/10\/8e48d138-9edf-45bc-b0ca-7f5db8ddc0bf-1024x930.jpeg\" alt=\"\" class=\"wp-image-293 size-full\" srcset=\"https:\/\/musikkapelle-sauldorf.de\/wp-content\/uploads\/2024\/10\/8e48d138-9edf-45bc-b0ca-7f5db8ddc0bf-1024x930.jpeg 1024w, https:\/\/musikkapelle-sauldorf.de\/wp-content\/uploads\/2024\/10\/8e48d138-9edf-45bc-b0ca-7f5db8ddc0bf-300x273.jpeg 300w, https:\/\/musikkapelle-sauldorf.de\/wp-content\/uploads\/2024\/10\/8e48d138-9edf-45bc-b0ca-7f5db8ddc0bf-768x698.jpeg 768w, https:\/\/musikkapelle-sauldorf.de\/wp-content\/uploads\/2024\/10\/8e48d138-9edf-45bc-b0ca-7f5db8ddc0bf-375x341.jpeg 375w, https:\/\/musikkapelle-sauldorf.de\/wp-content\/uploads\/2024\/10\/8e48d138-9edf-45bc-b0ca-7f5db8ddc0bf-760x690.jpeg 760w, https:\/\/musikkapelle-sauldorf.de\/wp-content\/uploads\/2024\/10\/8e48d138-9edf-45bc-b0ca-7f5db8ddc0bf.jpeg 1170w\" sizes=\"(max-width: 1024px) 100vw, 1024px\" \/><\/figure><\/div>\n\n\n\n<p><\/p>\n\n\n\n<div class=\"wp-block-media-text alignwide has-media-on-the-right is-stacked-on-mobile\"><div class=\"wp-block-media-text__content\">\n<p class=\"has-text-align-center\">2023- Wir gratulieren&#8230; <br>&#8230; Von hinten Links: Julia H\u00e4usler, Leonie J\u00e4ger, Tim Rokweiler, Sarah Matheis, Leonie Riegger (und Mia Riegger)<br>Von vorne Links: Nico Matheis, Leo Br\u00fctsch, Hannah J\u00e4ger, Nick Rokweiler<\/p>\n<\/div><figure class=\"wp-block-media-text__media\"><img decoding=\"async\" loading=\"lazy\" width=\"1024\" height=\"805\" src=\"https:\/\/musikkapelle-sauldorf.de\/wp-content\/uploads\/2024\/10\/166686c7-9233-4574-a06d-602e8c118820-1-1-1024x805.jpeg\" alt=\"\" class=\"wp-image-294 size-full\" srcset=\"https:\/\/musikkapelle-sauldorf.de\/wp-content\/uploads\/2024\/10\/166686c7-9233-4574-a06d-602e8c118820-1-1-1024x805.jpeg 1024w, https:\/\/musikkapelle-sauldorf.de\/wp-content\/uploads\/2024\/10\/166686c7-9233-4574-a06d-602e8c118820-1-1-300x236.jpeg 300w, https:\/\/musikkapelle-sauldorf.de\/wp-content\/uploads\/2024\/10\/166686c7-9233-4574-a06d-602e8c118820-1-1-768x604.jpeg 768w, https:\/\/musikkapelle-sauldorf.de\/wp-content\/uploads\/2024\/10\/166686c7-9233-4574-a06d-602e8c118820-1-1-375x295.jpeg 375w, https:\/\/musikkapelle-sauldorf.de\/wp-content\/uploads\/2024\/10\/166686c7-9233-4574-a06d-602e8c118820-1-1-760x598.jpeg 760w, https:\/\/musikkapelle-sauldorf.de\/wp-content\/uploads\/2024\/10\/166686c7-9233-4574-a06d-602e8c118820-1-1.jpeg 1170w\" sizes=\"(max-width: 1024px) 100vw, 1024px\" \/><\/figure><\/div>\n\n\n\n<div class=\"is-layout-constrained wp-block-group alignwide\"><div class=\"wp-block-group__inner-container\">\n<div class=\"is-layout-flex wp-container-3 wp-block-columns alignwide\">\n<div class=\"is-layout-flow wp-block-column is-vertically-aligned-top\" style=\"flex-basis:50%\">\n<p class=\"has-text-align-center\"><\/p>\n\n\n\n<p><\/p>\n<\/div>\n\n\n\n<div class=\"is-layout-flow wp-block-column\" style=\"flex-basis:50%\"><\/div>\n<\/div>\n<\/div><\/div>\n\n\n\n<p><\/p>\n","protected":false},"excerpt":{"rendered":"<p>Die letzten Jahre traten zahlreiche Jugendliche zu ihren D1 und D2 Pr\u00fcfungen an. Immer Erfolgreich absolvieren unsere Jungmusikanten aus Sauldorf ihre Pr\u00fcfungen. 2024- Wir gratulieren&#8230; &#8230; Von Links: Anna Blank, Fabio Wegmann, Luca Keller, Julian Gabele, Leo Br\u00fctsch 2023- Wir gratulieren&#8230; &#8230; Von hinten Links: Julia H\u00e4usler, Leonie J\u00e4ger, Tim Rokweiler, Sarah Matheis, Leonie Riegger [&hellip;]<\/p>\n","protected":false},"author":2,"featured_media":0,"parent":0,"menu_order":4,"comment_status":"closed","ping_status":"closed","template":"","meta":[],"_links":{"self":[{"href":"https:\/\/musikkapelle-sauldorf.de\/index.php?rest_route=\/wp\/v2\/pages\/88"}],"collection":[{"href":"https:\/\/musikkapelle-sauldorf.de\/index.php?rest_route=\/wp\/v2\/pages"}],"about":[{"href":"https:\/\/musikkapelle-sauldorf.de\/index.php?rest_route=\/wp\/v2\/types\/page"}],"author":[{"embeddable":true,"href":"https:\/\/musikkapelle-sauldorf.de\/index.php?rest_route=\/wp\/v2\/users\/2"}],"replies":[{"embeddable":true,"href":"https:\/\/musikkapelle-sauldorf.de\/index.php?rest_route=%2Fwp%2Fv2%2Fcomments&post=88"}],"version-history":[{"count":9,"href":"https:\/\/musikkapelle-sauldorf.de\/index.php?rest_route=\/wp\/v2\/pages\/88\/revisions"}],"predecessor-version":[{"id":296,"href":"https:\/\/musikkapelle-sauldorf.de\/index.php?rest_route=\/wp\/v2\/pages\/88\/revisions\/296"}],"wp:attachment":[{"href":"https:\/\/musikkapelle-sauldorf.de\/index.php?rest_route=%2Fwp%2Fv2%2Fmedia&parent=88"}],"curies":[{"name":"wp","href":"https:\/\/api.w.org\/{rel}","templated":true}]}}