{"id":77,"date":"2017-08-22T16:02:28","date_gmt":"2017-08-22T15:02:28","guid":{"rendered":"http:\/\/musikkapelle-sauldorf.de\/?page_id=77"},"modified":"2024-10-28T16:47:02","modified_gmt":"2024-10-28T15:47:02","slug":"register","status":"publish","type":"page","link":"https:\/\/musikkapelle-sauldorf.de\/?page_id=77","title":{"rendered":"Register"},"content":{"rendered":"<p style=\"text-align: center;\"><strong>Unser Dirigent Mathias Wischnewski<\/strong><\/p>\n<p><img decoding=\"async\" loading=\"lazy\" class=\"wp-image-266  aligncenter\" src=\"https:\/\/musikkapelle-sauldorf.de\/wp-content\/uploads\/2024\/10\/642A0660-300x214.jpg\" alt=\"\" width=\"400\" height=\"285\" srcset=\"https:\/\/musikkapelle-sauldorf.de\/wp-content\/uploads\/2024\/10\/642A0660-300x214.jpg 300w, https:\/\/musikkapelle-sauldorf.de\/wp-content\/uploads\/2024\/10\/642A0660-1024x731.jpg 1024w, https:\/\/musikkapelle-sauldorf.de\/wp-content\/uploads\/2024\/10\/642A0660-768x549.jpg 768w, https:\/\/musikkapelle-sauldorf.de\/wp-content\/uploads\/2024\/10\/642A0660-1536x1097.jpg 1536w, https:\/\/musikkapelle-sauldorf.de\/wp-content\/uploads\/2024\/10\/642A0660-2048x1463.jpg 2048w, https:\/\/musikkapelle-sauldorf.de\/wp-content\/uploads\/2024\/10\/642A0660-1200x857.jpg 1200w, https:\/\/musikkapelle-sauldorf.de\/wp-content\/uploads\/2024\/10\/642A0660-375x268.jpg 375w, https:\/\/musikkapelle-sauldorf.de\/wp-content\/uploads\/2024\/10\/642A0660-760x543.jpg 760w\" sizes=\"(max-width: 400px) 100vw, 400px\" \/><\/p>\n<p style=\"text-align: center;\"><strong>Querfl\u00f6te<\/strong><\/p>\n<p><img decoding=\"async\" loading=\"lazy\" class=\"wp-image-265  aligncenter\" src=\"https:\/\/musikkapelle-sauldorf.de\/wp-content\/uploads\/2024\/10\/642A0540-300x214.jpg\" alt=\"\" width=\"400\" height=\"286\" srcset=\"https:\/\/musikkapelle-sauldorf.de\/wp-content\/uploads\/2024\/10\/642A0540-300x214.jpg 300w, https:\/\/musikkapelle-sauldorf.de\/wp-content\/uploads\/2024\/10\/642A0540-1024x731.jpg 1024w, https:\/\/musikkapelle-sauldorf.de\/wp-content\/uploads\/2024\/10\/642A0540-768x549.jpg 768w, https:\/\/musikkapelle-sauldorf.de\/wp-content\/uploads\/2024\/10\/642A0540-1536x1097.jpg 1536w, https:\/\/musikkapelle-sauldorf.de\/wp-content\/uploads\/2024\/10\/642A0540-2048x1463.jpg 2048w, https:\/\/musikkapelle-sauldorf.de\/wp-content\/uploads\/2024\/10\/642A0540-1200x857.jpg 1200w, https:\/\/musikkapelle-sauldorf.de\/wp-content\/uploads\/2024\/10\/642A0540-375x268.jpg 375w, https:\/\/musikkapelle-sauldorf.de\/wp-content\/uploads\/2024\/10\/642A0540-760x543.jpg 760w\" sizes=\"(max-width: 400px) 100vw, 400px\" \/><\/p>\n<p style=\"text-align: center;\">Von Links: Hannah J\u00e4ger, Viola Witzler, Sandra Elsner, Diana Bohl<\/p>\n<p style=\"text-align: center;\"><strong>Klarinette<\/strong><\/p>\n<p><img decoding=\"async\" loading=\"lazy\" class=\"wp-image-267  aligncenter\" src=\"https:\/\/musikkapelle-sauldorf.de\/wp-content\/uploads\/2024\/10\/642A0415-300x214.jpg\" alt=\"\" width=\"400\" height=\"285\" srcset=\"https:\/\/musikkapelle-sauldorf.de\/wp-content\/uploads\/2024\/10\/642A0415-300x214.jpg 300w, https:\/\/musikkapelle-sauldorf.de\/wp-content\/uploads\/2024\/10\/642A0415-1024x731.jpg 1024w, https:\/\/musikkapelle-sauldorf.de\/wp-content\/uploads\/2024\/10\/642A0415-768x549.jpg 768w, https:\/\/musikkapelle-sauldorf.de\/wp-content\/uploads\/2024\/10\/642A0415-1536x1097.jpg 1536w, https:\/\/musikkapelle-sauldorf.de\/wp-content\/uploads\/2024\/10\/642A0415-2048x1463.jpg 2048w, https:\/\/musikkapelle-sauldorf.de\/wp-content\/uploads\/2024\/10\/642A0415-1200x857.jpg 1200w, https:\/\/musikkapelle-sauldorf.de\/wp-content\/uploads\/2024\/10\/642A0415-375x268.jpg 375w, https:\/\/musikkapelle-sauldorf.de\/wp-content\/uploads\/2024\/10\/642A0415-760x543.jpg 760w\" sizes=\"(max-width: 400px) 100vw, 400px\" \/><\/p>\n<p style=\"text-align: center;\">Von Links: Nadine Hahn, Elisabeth Rokweiler, Simone Bezikofer, Mariella Hafner, Cornelia J\u00e4ger,<br \/>\nLena Deschler, Julia H\u00e4usler (und Viola Reichle)<\/p>\n<p style=\"text-align: center;\"><strong>Saxophon<\/strong><\/p>\n<p><img decoding=\"async\" loading=\"lazy\" class=\"wp-image-268  aligncenter\" src=\"https:\/\/musikkapelle-sauldorf.de\/wp-content\/uploads\/2024\/10\/642A0235-300x214.jpg\" alt=\"\" width=\"400\" height=\"285\" srcset=\"https:\/\/musikkapelle-sauldorf.de\/wp-content\/uploads\/2024\/10\/642A0235-300x214.jpg 300w, https:\/\/musikkapelle-sauldorf.de\/wp-content\/uploads\/2024\/10\/642A0235-1024x731.jpg 1024w, https:\/\/musikkapelle-sauldorf.de\/wp-content\/uploads\/2024\/10\/642A0235-768x549.jpg 768w, https:\/\/musikkapelle-sauldorf.de\/wp-content\/uploads\/2024\/10\/642A0235-1536x1097.jpg 1536w, https:\/\/musikkapelle-sauldorf.de\/wp-content\/uploads\/2024\/10\/642A0235-2048x1463.jpg 2048w, https:\/\/musikkapelle-sauldorf.de\/wp-content\/uploads\/2024\/10\/642A0235-1200x857.jpg 1200w, https:\/\/musikkapelle-sauldorf.de\/wp-content\/uploads\/2024\/10\/642A0235-375x268.jpg 375w, https:\/\/musikkapelle-sauldorf.de\/wp-content\/uploads\/2024\/10\/642A0235-760x543.jpg 760w\" sizes=\"(max-width: 400px) 100vw, 400px\" \/><\/p>\n<p style=\"text-align: center;\">Von Links: Lena Paletzki, Leonie J\u00e4ger, Janine H\u00e4usler, Fabio Witzler, Matthias Gabele, Daniela Wehrle, Willfried Gabele, Lea Wischnewski, Sigfried Wischnewski, Priska Wischnewski<\/p>\n<p style=\"text-align: center;\"><strong>Trompete\/Fl\u00fcgelhorn<\/strong><\/p>\n<p><img decoding=\"async\" loading=\"lazy\" class=\"wp-image-269  aligncenter\" src=\"https:\/\/musikkapelle-sauldorf.de\/wp-content\/uploads\/2024\/10\/642A0552-300x214.jpg\" alt=\"\" width=\"400\" height=\"285\" srcset=\"https:\/\/musikkapelle-sauldorf.de\/wp-content\/uploads\/2024\/10\/642A0552-300x214.jpg 300w, https:\/\/musikkapelle-sauldorf.de\/wp-content\/uploads\/2024\/10\/642A0552-1024x731.jpg 1024w, https:\/\/musikkapelle-sauldorf.de\/wp-content\/uploads\/2024\/10\/642A0552-768x549.jpg 768w, https:\/\/musikkapelle-sauldorf.de\/wp-content\/uploads\/2024\/10\/642A0552-1536x1097.jpg 1536w, https:\/\/musikkapelle-sauldorf.de\/wp-content\/uploads\/2024\/10\/642A0552-2048x1463.jpg 2048w, https:\/\/musikkapelle-sauldorf.de\/wp-content\/uploads\/2024\/10\/642A0552-1200x857.jpg 1200w, https:\/\/musikkapelle-sauldorf.de\/wp-content\/uploads\/2024\/10\/642A0552-375x268.jpg 375w, https:\/\/musikkapelle-sauldorf.de\/wp-content\/uploads\/2024\/10\/642A0552-760x543.jpg 760w\" sizes=\"(max-width: 400px) 100vw, 400px\" \/><\/p>\n<p style=\"text-align: center;\">Hinten von Links: Daniel H\u00f6re, Antonia Ney, Kerstin H\u00f6re, Axel Matheis, Tim Rokweiler, Nico Matheis, Doris Gabele<br \/>\nVorne von Links: Anika Boos, Saskia M\u00fcller<\/p>\n<p style=\"text-align: center;\"><strong>Posaune<\/strong><\/p>\n<p><img decoding=\"async\" loading=\"lazy\" class=\"wp-image-270  aligncenter\" src=\"https:\/\/musikkapelle-sauldorf.de\/wp-content\/uploads\/2024\/10\/642A0105-300x214.jpg\" alt=\"\" width=\"400\" height=\"285\" srcset=\"https:\/\/musikkapelle-sauldorf.de\/wp-content\/uploads\/2024\/10\/642A0105-300x214.jpg 300w, https:\/\/musikkapelle-sauldorf.de\/wp-content\/uploads\/2024\/10\/642A0105-1024x731.jpg 1024w, https:\/\/musikkapelle-sauldorf.de\/wp-content\/uploads\/2024\/10\/642A0105-768x549.jpg 768w, https:\/\/musikkapelle-sauldorf.de\/wp-content\/uploads\/2024\/10\/642A0105-1536x1097.jpg 1536w, https:\/\/musikkapelle-sauldorf.de\/wp-content\/uploads\/2024\/10\/642A0105-2048x1463.jpg 2048w, https:\/\/musikkapelle-sauldorf.de\/wp-content\/uploads\/2024\/10\/642A0105-1200x857.jpg 1200w, https:\/\/musikkapelle-sauldorf.de\/wp-content\/uploads\/2024\/10\/642A0105-375x268.jpg 375w, https:\/\/musikkapelle-sauldorf.de\/wp-content\/uploads\/2024\/10\/642A0105-760x543.jpg 760w\" sizes=\"(max-width: 400px) 100vw, 400px\" \/><\/p>\n<p style=\"text-align: center;\">Von Links: Berthold Wischnewski, Heike St\u00f6\u00df, Marcel Matheis, Nadine L\u00e4ngle, Sabine Glaser, Birgitta Rokweiler<\/p>\n<p style=\"text-align: center;\"><strong>Tenorhorn<\/strong><\/p>\n<p><img decoding=\"async\" loading=\"lazy\" class=\"wp-image-271  aligncenter\" src=\"https:\/\/musikkapelle-sauldorf.de\/wp-content\/uploads\/2024\/10\/642A0420-300x214.jpg\" alt=\"\" width=\"400\" height=\"285\" srcset=\"https:\/\/musikkapelle-sauldorf.de\/wp-content\/uploads\/2024\/10\/642A0420-300x214.jpg 300w, https:\/\/musikkapelle-sauldorf.de\/wp-content\/uploads\/2024\/10\/642A0420-1024x731.jpg 1024w, https:\/\/musikkapelle-sauldorf.de\/wp-content\/uploads\/2024\/10\/642A0420-768x549.jpg 768w, https:\/\/musikkapelle-sauldorf.de\/wp-content\/uploads\/2024\/10\/642A0420-1536x1097.jpg 1536w, https:\/\/musikkapelle-sauldorf.de\/wp-content\/uploads\/2024\/10\/642A0420-2048x1463.jpg 2048w, https:\/\/musikkapelle-sauldorf.de\/wp-content\/uploads\/2024\/10\/642A0420-1200x857.jpg 1200w, https:\/\/musikkapelle-sauldorf.de\/wp-content\/uploads\/2024\/10\/642A0420-375x268.jpg 375w, https:\/\/musikkapelle-sauldorf.de\/wp-content\/uploads\/2024\/10\/642A0420-760x543.jpg 760w\" sizes=\"(max-width: 400px) 100vw, 400px\" \/><\/p>\n<p style=\"text-align: center;\">Von Links: Christian Rokweiler, Pirmin Gabele, Nick Rokweiler, Thomas Rockweiler, Florian Reichle, Philipp Gabele<\/p>\n<p style=\"text-align: center;\"><strong>Horn<\/strong><\/p>\n<p><img decoding=\"async\" loading=\"lazy\" class=\"wp-image-272  aligncenter\" src=\"https:\/\/musikkapelle-sauldorf.de\/wp-content\/uploads\/2024\/10\/642A0306-300x214.jpg\" alt=\"\" width=\"400\" height=\"285\" srcset=\"https:\/\/musikkapelle-sauldorf.de\/wp-content\/uploads\/2024\/10\/642A0306-300x214.jpg 300w, https:\/\/musikkapelle-sauldorf.de\/wp-content\/uploads\/2024\/10\/642A0306-1024x731.jpg 1024w, https:\/\/musikkapelle-sauldorf.de\/wp-content\/uploads\/2024\/10\/642A0306-768x549.jpg 768w, https:\/\/musikkapelle-sauldorf.de\/wp-content\/uploads\/2024\/10\/642A0306-1536x1097.jpg 1536w, https:\/\/musikkapelle-sauldorf.de\/wp-content\/uploads\/2024\/10\/642A0306-2048x1463.jpg 2048w, https:\/\/musikkapelle-sauldorf.de\/wp-content\/uploads\/2024\/10\/642A0306-1200x857.jpg 1200w, https:\/\/musikkapelle-sauldorf.de\/wp-content\/uploads\/2024\/10\/642A0306-375x268.jpg 375w, https:\/\/musikkapelle-sauldorf.de\/wp-content\/uploads\/2024\/10\/642A0306-760x543.jpg 760w\" sizes=\"(max-width: 400px) 100vw, 400px\" \/><\/p>\n<p style=\"text-align: center;\">Von Links: Jonas Gabele, Jan Paletzki, Tobias Gabele<\/p>\n<p style=\"text-align: center;\"><strong>Bass<\/strong><\/p>\n<p><img decoding=\"async\" loading=\"lazy\" class=\"wp-image-273  aligncenter\" src=\"https:\/\/musikkapelle-sauldorf.de\/wp-content\/uploads\/2024\/10\/642A0181-300x214.jpg\" alt=\"\" width=\"400\" height=\"285\" srcset=\"https:\/\/musikkapelle-sauldorf.de\/wp-content\/uploads\/2024\/10\/642A0181-300x214.jpg 300w, https:\/\/musikkapelle-sauldorf.de\/wp-content\/uploads\/2024\/10\/642A0181-1024x731.jpg 1024w, https:\/\/musikkapelle-sauldorf.de\/wp-content\/uploads\/2024\/10\/642A0181-768x549.jpg 768w, https:\/\/musikkapelle-sauldorf.de\/wp-content\/uploads\/2024\/10\/642A0181-1536x1097.jpg 1536w, https:\/\/musikkapelle-sauldorf.de\/wp-content\/uploads\/2024\/10\/642A0181-2048x1463.jpg 2048w, https:\/\/musikkapelle-sauldorf.de\/wp-content\/uploads\/2024\/10\/642A0181-1200x857.jpg 1200w, https:\/\/musikkapelle-sauldorf.de\/wp-content\/uploads\/2024\/10\/642A0181-375x268.jpg 375w, https:\/\/musikkapelle-sauldorf.de\/wp-content\/uploads\/2024\/10\/642A0181-760x543.jpg 760w\" sizes=\"(max-width: 400px) 100vw, 400px\" \/><\/p>\n<p style=\"text-align: center;\">Von Links: Marco Wirth, Wolfgang Matheis, Mike Brennenstuhl<\/p>\n<p style=\"text-align: center;\"><strong>Schlagzeug \/ Percussion<\/strong><\/p>\n<p><img decoding=\"async\" loading=\"lazy\" class=\"wp-image-274  aligncenter\" src=\"https:\/\/musikkapelle-sauldorf.de\/wp-content\/uploads\/2024\/10\/642A0641-214x300.jpg\" alt=\"\" width=\"229\" height=\"321\" srcset=\"https:\/\/musikkapelle-sauldorf.de\/wp-content\/uploads\/2024\/10\/642A0641-214x300.jpg 214w, https:\/\/musikkapelle-sauldorf.de\/wp-content\/uploads\/2024\/10\/642A0641-731x1024.jpg 731w, https:\/\/musikkapelle-sauldorf.de\/wp-content\/uploads\/2024\/10\/642A0641-768x1075.jpg 768w, https:\/\/musikkapelle-sauldorf.de\/wp-content\/uploads\/2024\/10\/642A0641-1097x1536.jpg 1097w, https:\/\/musikkapelle-sauldorf.de\/wp-content\/uploads\/2024\/10\/642A0641-1463x2048.jpg 1463w, https:\/\/musikkapelle-sauldorf.de\/wp-content\/uploads\/2024\/10\/642A0641-1200x1680.jpg 1200w, https:\/\/musikkapelle-sauldorf.de\/wp-content\/uploads\/2024\/10\/642A0641-375x525.jpg 375w, https:\/\/musikkapelle-sauldorf.de\/wp-content\/uploads\/2024\/10\/642A0641-760x1064.jpg 760w, https:\/\/musikkapelle-sauldorf.de\/wp-content\/uploads\/2024\/10\/642A0641-857x1200.jpg 857w, https:\/\/musikkapelle-sauldorf.de\/wp-content\/uploads\/2024\/10\/642A0641-scaled.jpg 1829w\" sizes=\"(max-width: 229px) 100vw, 229px\" \/><\/p>\n<p style=\"text-align: center;\">Von Links: Tobias Wischnewski und Armin Jerg<\/p>\n","protected":false},"excerpt":{"rendered":"<p>Unser Dirigent Mathias Wischnewski Querfl\u00f6te Von Links: Hannah J\u00e4ger, Viola Witzler, Sandra Elsner, Diana Bohl Klarinette Von Links: Nadine Hahn, Elisabeth Rokweiler, Simone Bezikofer, Mariella Hafner, Cornelia J\u00e4ger, Lena Deschler, Julia H\u00e4usler (und Viola Reichle) Saxophon Von Links: Lena Paletzki, Leonie J\u00e4ger, Janine H\u00e4usler, Fabio Witzler, Matthias Gabele, Daniela Wehrle, Willfried Gabele, Lea Wischnewski, Sigfried [&hellip;]<\/p>\n","protected":false},"author":2,"featured_media":0,"parent":10,"menu_order":2,"comment_status":"closed","ping_status":"closed","template":"","meta":[],"_links":{"self":[{"href":"https:\/\/musikkapelle-sauldorf.de\/index.php?rest_route=\/wp\/v2\/pages\/77"}],"collection":[{"href":"https:\/\/musikkapelle-sauldorf.de\/index.php?rest_route=\/wp\/v2\/pages"}],"about":[{"href":"https:\/\/musikkapelle-sauldorf.de\/index.php?rest_route=\/wp\/v2\/types\/page"}],"author":[{"embeddable":true,"href":"https:\/\/musikkapelle-sauldorf.de\/index.php?rest_route=\/wp\/v2\/users\/2"}],"replies":[{"embeddable":true,"href":"https:\/\/musikkapelle-sauldorf.de\/index.php?rest_route=%2Fwp%2Fv2%2Fcomments&post=77"}],"version-history":[{"count":24,"href":"https:\/\/musikkapelle-sauldorf.de\/index.php?rest_route=\/wp\/v2\/pages\/77\/revisions"}],"predecessor-version":[{"id":299,"href":"https:\/\/musikkapelle-sauldorf.de\/index.php?rest_route=\/wp\/v2\/pages\/77\/revisions\/299"}],"up":[{"embeddable":true,"href":"https:\/\/musikkapelle-sauldorf.de\/index.php?rest_route=\/wp\/v2\/pages\/10"}],"wp:attachment":[{"href":"https:\/\/musikkapelle-sauldorf.de\/index.php?rest_route=%2Fwp%2Fv2%2Fmedia&parent=77"}],"curies":[{"name":"wp","href":"https:\/\/api.w.org\/{rel}","templated":true}]}}